{"id":178,"date":"2018-12-15T16:12:55","date_gmt":"2018-12-15T14:12:55","guid":{"rendered":"https:\/\/herzenstaenze.de\/?page_id=178"},"modified":"2018-12-15T16:12:55","modified_gmt":"2018-12-15T14:12:55","slug":"orte-und-anfahrt","status":"publish","type":"page","link":"https:\/\/herzenstaenze.de\/?page_id=178","title":{"rendered":"Orte und Anfahrt"},"content":{"rendered":"<div class=\"row\">\n<h3><strong>Veranstaltungsorte<\/strong><\/h3>\n<div class=\"col-xs-4\">\n<address><strong>TuRa R\u00fcdinghausen<\/strong><br \/>\nBrunebecker Stra\u00dfe 71<br \/>\n58454 Witten<\/address>\n<\/div>\n<div class=\"col-xs-4\">\n<address><strong>Kneipp-Verein Dortmund e.V.<\/strong><br \/>\nKarl-Marx-Stra\u00dfe 32<br \/>\n44141 Dortmund<\/address>\n<\/div>\n<div class=\"col-xs-4\">\n<address><strong>Anmeldung und Kontakt<\/strong><br \/>\nKirsten Zawisla<br \/>\nAm Beilst\u00fcck 57<br \/>\n44225 Dortmund<br \/>\nTel.: 0231-7900003<br \/>\n<a href=\"mailto:info@herzenstaenze.de\">info@herzenstaenze.de<\/a><\/address>\n<\/div>\n<\/div>\n<div class=\"row\">\n<h3><strong>Anfahrtshinweise<\/strong><\/h3>\n<p>TuRa R\u00fcdinghausen: Mit \u00f6ffentlichen Verkehrsmitteln zu erreichen von Dortmund aus ab Parkhaus Barop mit dem Bus 448 bis Auf dem Wellerskamp, dann ca. 1 km Fu\u00dfweg bis zum TuRa; von Bochum Hbf aus mit der Stra\u00dfenbahn 310 bis Witten Hauptbahnhof und von da aus weiter mit dem Bus 320 bis zur Haltestelle Brunebecker Stra\u00dfe.<br \/>\nKneipp-Verein Dortmund: vom Do-HBF mit der U 41, 47 oder 49 bis M\u00e4rkische Stra\u00dfe.<\/p>\n<\/div>\n","protected":false},"excerpt":{"rendered":"<p>Veranstaltungsorte TuRa R\u00fcdinghausen Brunebecker Stra\u00dfe 71 58454 Witten Kneipp-Verein Dortmund e.V. Karl-Marx-Stra\u00dfe 32 44141 Dortmund Anmeldung und Kontakt Kirsten Zawisla Am Beilst\u00fcck 57 44225 Dortmund Tel.: 0231-7900003 info@herzenstaenze.de Anfahrtshinweise TuRa R\u00fcdinghausen: Mit \u00f6ffentlichen Verkehrsmitteln zu erreichen von Dortmund aus ab Parkhaus Barop mit dem Bus 448 bis Auf dem Wellerskamp, dann ca. 1 km Fu\u00dfweg &hellip; <a href=\"https:\/\/herzenstaenze.de\/?page_id=178\" class=\"more-link\"><span class=\"screen-reader-text\">Orte und Anfahrt<\/span> weiterlesen <span class=\"meta-nav\">&rarr;<\/span><\/a><\/p>\n","protected":false},"author":2,"featured_media":0,"parent":0,"menu_order":0,"comment_status":"closed","ping_status":"closed","template":"","meta":{"footnotes":""},"class_list":["post-178","page","type-page","status-publish","hentry"],"_links":{"self":[{"href":"https:\/\/herzenstaenze.de\/index.php?rest_route=\/wp\/v2\/pages\/178","targetHints":{"allow":["GET"]}}],"collection":[{"href":"https:\/\/herzenstaenze.de\/index.php?rest_route=\/wp\/v2\/pages"}],"about":[{"href":"https:\/\/herzenstaenze.de\/index.php?rest_route=\/wp\/v2\/types\/page"}],"author":[{"embeddable":true,"href":"https:\/\/herzenstaenze.de\/index.php?rest_route=\/wp\/v2\/users\/2"}],"replies":[{"embeddable":true,"href":"https:\/\/herzenstaenze.de\/index.php?rest_route=%2Fwp%2Fv2%2Fcomments&post=178"}],"version-history":[{"count":2,"href":"https:\/\/herzenstaenze.de\/index.php?rest_route=\/wp\/v2\/pages\/178\/revisions"}],"predecessor-version":[{"id":297,"href":"https:\/\/herzenstaenze.de\/index.php?rest_route=\/wp\/v2\/pages\/178\/revisions\/297"}],"wp:attachment":[{"href":"https:\/\/herzenstaenze.de\/index.php?rest_route=%2Fwp%2Fv2%2Fmedia&parent=178"}],"curies":[{"name":"wp","href":"https:\/\/api.w.org\/{rel}","templated":true}]}}