{"id":2,"date":"2018-10-23T11:29:09","date_gmt":"2018-10-23T09:29:09","guid":{"rendered":"https:\/\/herzenstaenze.de\/?page_id=2"},"modified":"2019-03-04T14:22:52","modified_gmt":"2019-03-04T13:22:52","slug":"herzenstaenze","status":"publish","type":"page","link":"https:\/\/herzenstaenze.de\/","title":{"rendered":"Willkommen"},"content":{"rendered":"<p>Herzlich Willkommen auf der Homepage der Lehrkraft f\u00fcr Kreistanz Kirsten Zawisla in Dortmund!<\/p>\n<p><u><img loading=\"lazy\" decoding=\"async\" class=\"alignleft size-medium wp-image-196\" src=\"https:\/\/herzenstaenze.de\/wp-content\/uploads\/2018\/12\/SAM_0442-300x225.jpg\" alt=\"\" width=\"300\" height=\"225\" srcset=\"https:\/\/herzenstaenze.de\/wp-content\/uploads\/2018\/12\/SAM_0442-300x225.jpg 300w, https:\/\/herzenstaenze.de\/wp-content\/uploads\/2018\/12\/SAM_0442-768x576.jpg 768w, https:\/\/herzenstaenze.de\/wp-content\/uploads\/2018\/12\/SAM_0442.jpg 1024w\" sizes=\"auto, (max-width: 300px) 100vw, 300px\" \/>Was sind Herzenst\u00e4nze?<\/u><\/p>\n<p>Herzenst\u00e4nze sind Kreist\u00e4nze.<\/p>\n<p>Kreistanz ist gemeinsame Bewegung \u2013 meistens im Kreis \u2013 zu Musik und Liedern aus der ganzen Welt und aus allen Stilrichtungen (klassisch, traditionell, modern). Dabei stehen die Freude, die Bewegung und das Gemeinsame ganz im Vordergrund. Es geht nicht darum, Schrittfolgen perfekt zu erlernen und immer wieder einzu\u00fcben. Vielmehr wirken die Kreist\u00e4nze nach innen und au\u00dfen. Wir lassen K\u00f6rper, Geist und Seele miteinander tanzen, mal \u00fcbersch\u00e4umend, spielerisch und ausgelassen, mal ruhig und besinnlich.<\/p>\n<p>Unter der besonderen Beachtung des Jahreskreises k\u00f6nnen wir beim Tanzen den Einklang mit uns selbst, mit den anderen und der Natur finden. Wir nehmen die Jahreszeiten, die Pflanzenwelt, die Farben, Licht und Schatten viel intensiver wahr &#8211; des Lebens ganze F\u00fclle -.<\/p>\n<p>Auch die Heilkraft des Kreistanzes f\u00fcr K\u00f6rper, Geist und Seele ist immer wieder beeindruckend. Dabei findet jede\/jeder das Heilsame, was sie\/er gerade braucht, sei es bei ausgelassenen und spielerischen T\u00e4nzen Freude und Lachen, sei es bei meditativen T\u00e4nzen Ruhe, sei es das Gef\u00fchl getragen und gehalten zu werden, seien es befreiende Bewegungen der Arme &#8230;<\/p>\n<p>Im Kreistanz sch\u00f6pfen wir Kraft und Freude f\u00fcr jeden Tag. Nicht zuletzt werden beim Kreistanz Beweglichkeit, Koordination, Konzentration, Kondition, Gleichgewicht usw. auch im Sinne einer Pr\u00e4vention und allgemeinen Fitness gef\u00f6rdert.<\/p>\n","protected":false},"excerpt":{"rendered":"<p>Herzlich Willkommen auf der Homepage der Lehrkraft f\u00fcr Kreistanz Kirsten Zawisla in Dortmund! Was sind Herzenst\u00e4nze? Herzenst\u00e4nze sind Kreist\u00e4nze. Kreistanz ist gemeinsame Bewegung \u2013 meistens im Kreis \u2013 zu Musik und Liedern aus der ganzen Welt und aus allen Stilrichtungen (klassisch, traditionell, modern). Dabei stehen die Freude, die Bewegung und das Gemeinsame ganz im Vordergrund. &hellip; <a href=\"https:\/\/herzenstaenze.de\/\" class=\"more-link\"><span class=\"screen-reader-text\">Willkommen<\/span> weiterlesen <span class=\"meta-nav\">&rarr;<\/span><\/a><\/p>\n","protected":false},"author":2,"featured_media":0,"parent":0,"menu_order":0,"comment_status":"closed","ping_status":"closed","template":"","meta":{"footnotes":""},"class_list":["post-2","page","type-page","status-publish","hentry"],"_links":{"self":[{"href":"https:\/\/herzenstaenze.de\/index.php?rest_route=\/wp\/v2\/pages\/2","targetHints":{"allow":["GET"]}}],"collection":[{"href":"https:\/\/herzenstaenze.de\/index.php?rest_route=\/wp\/v2\/pages"}],"about":[{"href":"https:\/\/herzenstaenze.de\/index.php?rest_route=\/wp\/v2\/types\/page"}],"author":[{"embeddable":true,"href":"https:\/\/herzenstaenze.de\/index.php?rest_route=\/wp\/v2\/users\/2"}],"replies":[{"embeddable":true,"href":"https:\/\/herzenstaenze.de\/index.php?rest_route=%2Fwp%2Fv2%2Fcomments&post=2"}],"version-history":[{"count":9,"href":"https:\/\/herzenstaenze.de\/index.php?rest_route=\/wp\/v2\/pages\/2\/revisions"}],"predecessor-version":[{"id":352,"href":"https:\/\/herzenstaenze.de\/index.php?rest_route=\/wp\/v2\/pages\/2\/revisions\/352"}],"wp:attachment":[{"href":"https:\/\/herzenstaenze.de\/index.php?rest_route=%2Fwp%2Fv2%2Fmedia&parent=2"}],"curies":[{"name":"wp","href":"https:\/\/api.w.org\/{rel}","templated":true}]}}