{"id":3,"date":"2018-10-23T11:29:09","date_gmt":"2018-10-23T11:29:09","guid":{"rendered":"https:\/\/herzenstaenze.de\/?page_id=3"},"modified":"2018-12-15T17:32:59","modified_gmt":"2018-12-15T15:32:59","slug":"privacy-policy","status":"publish","type":"page","link":"https:\/\/herzenstaenze.de\/?page_id=3","title":{"rendered":"Datenschutzerkl\u00e4rung"},"content":{"rendered":"<p>Der Schutz und die Sicherheit der Daten der Besucher unserer Internetpr\u00e4senz sind uns wichtig. Wir haben deshalb unsere Webseite so gestaltet, dass m\u00f6glichst wenige personenbezogene Daten erhoben oder verarbeitet werden.<br \/>\nDie folgende Erkl\u00e4rung zum Datenschutz erl\u00e4utert, welche Informationen wir w\u00e4hrend Ihres Besuchs auf unserer Webseite erfassen und welche Teile dieser Informationen gegebenenfalls auf welche Weise genutzt werden.<\/p>\n<h4>Welche Daten erfassen wir von Ihnen?<\/h4>\n<p>Bei Aufruf und Nutzung dieser Seite<br \/>\nerfasst unser Webhoster folgende Zugriffsdaten:<\/p>\n<ul type=\"disc\">\n<li>IP-Adresse,<\/li>\n<li>Zeitstempel des Zugriffs,<\/li>\n<li>abgefragte Ressource,<\/li>\n<li>Statuscode<\/li>\n<li>\u00dcbertragene Datenmenge<\/li>\n<li>Dauer der Daten\u00fcbertragung<\/li>\n<li>Herkunft Ihres Seitenaufrufes<\/li>\n<li>Name und Version der Browsersoftware<\/li>\n<\/ul>\n<h4>Personenbezogene Daten<\/h4>\n<p>Personenbezogene Daten wie z.B. Name, Anschrift, Telefonnummer oder E-Mail-Adresse werden von uns nicht erfasst, es sei denn, diese Angaben werden von Ihnen freiwillig gemacht, z.B. im Rahmen einer Kontaktaufnahme per E-Mail. Wir verwenden Ihre freiwillig angegebenen Daten ausschlie\u00dflich f\u00fcr den Zweck, zu dem Sie uns diese \u00fcberlassen haben. Nur wenn Sie uns Ihre Einwilligung auch f\u00fcr die weitere Verwendung z.B. bei einer Vereinsmitgliedschaft gegeben haben, nutzen wir Ihre Daten auch f\u00fcr diese Zwecke.<\/p>\n<h4>Standarddaten<\/h4>\n<p>Wenn Sie unsere Internetseite benutzen, zeichnet unser Web-Server grunds\u00e4tzlich nicht Ihre vollst\u00e4ndige IP-Adresse und den Domainnamen des verwendeten Computers auf. Der Server ist so konfiguriert, dass eine automatische Protokollierung der Informationen, die f\u00fcr eine individuelle Identifizierung n\u00f6tig w\u00e4ren, nicht stattfindet. Es k\u00f6nnen daher keinerlei personenbezogene oder personenbeziehbare Daten auf unseren Servern entstehen.<br \/>\nBei Missbrauchsversuchen oder Serverfehlern kann es allerdings m\u00f6glich sein, dass zur Fehleranalyse eine sogenannte Protokolldatei gestartet wird. Im Einzelnen werden hier die IP-Adresse, die spezifische Adresse der bei uns aufgerufenen Seite, ggf. die Seite von der Sie uns erreicht haben (Linkquelle), die \u00fcbertragene Kennung des Browsers, sowie Systemdatum und -zeit des Seitenaufrufes erfasst. Diese Daten werden umgehend nach Behebung des Fehlers von unseren Servern gel\u00f6scht und ausschlie\u00dflich zur Analysierung des Fehlers genutzt. Wir sind nicht in der Lage, die Protokolldaten mit einer Person zu verkn\u00fcpfen.<\/p>\n<h4>Auf welche Weise erheben wir Ihre Daten?<\/h4>\n<p>Im Rahmen des Zugriffs auf unsere Webseite werden die Zugriffsdaten automatisiert protokolliert.<\/p>\n<h4>Kontaktaufnahme<\/h4>\n<p>Bei der Kontaktaufnahme mit dem Anbieter (zum Beispiel per Kontaktformular oder E-Mail) werden die Angaben des Nutzers zwecks Bearbeitung der Anfrage sowie f\u00fcr den Fall, dass Anschlussfragen entstehen, gespeichert.<\/p>\n<h4>Sicherheit<\/h4>\n<p>Zum Schutz der Daten vor unberechtigtem Zugriff und Missbrauch hat unser Webhoster umfangreiche technische und betriebliche Vorkehrungen getroffen. Diese Sicherheitsverfahren werden regelm\u00e4\u00dfig \u00fcberpr\u00fcft und dem technologischen Fortschritt angepasst. Die Mitarbeiter sind zur Wahrung der Vertraulichkeit verpflichtet.<\/p>\n<h4>Links zu anderen Websites<\/h4>\n<p>Rufen Sie eine externe Internetseite von unserer Seite auf (externer Link), wird der externe Anbieter m\u00f6glicherweise von Ihrem Browser die Information erhalten, von welcher unserer Internetseiten Sie zu ihm gekommen sind. F\u00fcr diese Daten ist der externe Anbieter verantwortlich. Wir sind, wie jeder andere Anbieter von Internetseiten, nicht in der Lage, diesen Vorgang zu beeinflussen.<\/p>\n<h4>Eingebettete Inhalte von anderen Websites<\/h4>\n<p>Beitr\u00e4ge auf dieser Website k\u00f6nnen eingebettete Inhalte beinhalten (z.\u00a0B. Videos, Bilder, Beitr\u00e4ge etc.). Eingebettete Inhalte von anderen Websites verhalten sich exakt so, als ob der Besucher die andere Website besucht h\u00e4tte.<br \/>\nDiese Websites k\u00f6nnen Daten \u00fcber Sie sammeln, Cookies benutzen, zus\u00e4tzliche Tracking-Dienste von Dritten einbetten und Ihre Interaktion mit diesem eingebetteten Inhalt aufzeichnen, inklusive Ihrer Interaktion mit dem eingebetteten Inhalt.<\/p>\n<h4>Cookies<\/h4>\n<p>Auf dieser Webseite werden keine Cookies ausgeliefert.<\/p>\n<h4>Weitere Auskunft<\/h4>\n<p>Sollten Sie weitere Fragen haben, bspw. zu Daten, die wir zu Ihrer Person gespeichert haben, nehmen Sie gern Kontakt mit uns auf. Die einzelnen M\u00f6glichkeiten hierzu entnehmen Sie bitte unserem Impressum. In diesem Rahmen erf\u00fcllen wir selbstverst\u00e4ndlich auch Ihr normiertes Recht auf Auskunft.<\/p>\n","protected":false},"excerpt":{"rendered":"<p>Der Schutz und die Sicherheit der Daten der Besucher unserer Internetpr\u00e4senz sind uns wichtig. Wir haben deshalb unsere Webseite so gestaltet, dass m\u00f6glichst wenige personenbezogene Daten erhoben oder verarbeitet werden. Die folgende Erkl\u00e4rung zum Datenschutz erl\u00e4utert, welche Informationen wir w\u00e4hrend Ihres Besuchs auf unserer Webseite erfassen und welche Teile dieser Informationen gegebenenfalls auf welche Weise &hellip; <a href=\"https:\/\/herzenstaenze.de\/?page_id=3\" class=\"more-link\"><span class=\"screen-reader-text\">Datenschutzerkl\u00e4rung<\/span> weiterlesen <span class=\"meta-nav\">&rarr;<\/span><\/a><\/p>\n","protected":false},"author":2,"featured_media":0,"parent":0,"menu_order":0,"comment_status":"closed","ping_status":"closed","template":"","meta":{"footnotes":""},"class_list":["post-3","page","type-page","status-publish","hentry"],"_links":{"self":[{"href":"https:\/\/herzenstaenze.de\/index.php?rest_route=\/wp\/v2\/pages\/3","targetHints":{"allow":["GET"]}}],"collection":[{"href":"https:\/\/herzenstaenze.de\/index.php?rest_route=\/wp\/v2\/pages"}],"about":[{"href":"https:\/\/herzenstaenze.de\/index.php?rest_route=\/wp\/v2\/types\/page"}],"author":[{"embeddable":true,"href":"https:\/\/herzenstaenze.de\/index.php?rest_route=\/wp\/v2\/users\/2"}],"replies":[{"embeddable":true,"href":"https:\/\/herzenstaenze.de\/index.php?rest_route=%2Fwp%2Fv2%2Fcomments&post=3"}],"version-history":[{"count":3,"href":"https:\/\/herzenstaenze.de\/index.php?rest_route=\/wp\/v2\/pages\/3\/revisions"}],"predecessor-version":[{"id":218,"href":"https:\/\/herzenstaenze.de\/index.php?rest_route=\/wp\/v2\/pages\/3\/revisions\/218"}],"wp:attachment":[{"href":"https:\/\/herzenstaenze.de\/index.php?rest_route=%2Fwp%2Fv2%2Fmedia&parent=3"}],"curies":[{"name":"wp","href":"https:\/\/api.w.org\/{rel}","templated":true}]}}