{"id":41,"date":"2018-10-23T14:56:45","date_gmt":"2018-10-23T12:56:45","guid":{"rendered":"https:\/\/herzenstaenze.de\/?page_id=41"},"modified":"2019-01-27T18:07:07","modified_gmt":"2019-01-27T17:07:07","slug":"impressum","status":"publish","type":"page","link":"https:\/\/herzenstaenze.de\/?page_id=41","title":{"rendered":"Impressum"},"content":{"rendered":"<div class=\"row\">\n<h2>Anschrift<\/h2>\n<p>Kirsten Zawisla<br \/>\nAm Beilst\u00fcck 57<br \/>\n44225 Dortmund<\/p>\n<h4>Inhaberin<\/h4>\n<p>Kirsten Zawisla<\/p>\n<h4>Kommunikation<\/h4>\n<p>Telefon: 0231\/7900003<sup>1<\/sup><\/p>\n<p>E-Mail: <a href=\"mailto:info@herzenstaenze.de\">info@herzenstaenze.de<\/a><\/p>\n<p align=\"justify\"><sup>1<\/sup><span class=\"Stil1\">Die Kosten f\u00fcr dieses Gespr\u00e4ch entnehmen Sie bitte Ihrem Netzbetreiber.<br \/>\nEs fallen die \u00fcblichen Geb\u00fchren f\u00fcr Inlandsgespr\u00e4che an.<\/span><\/p>\n<h4 align=\"justify\"><strong>Verantwortlich f\u00fcr den Inhalt nach \u00a7 55 Abs. 2 RStV:<\/strong><\/h4>\n<p align=\"justify\">Kirsten Zawisla<br \/>\nAm Beilst\u00fcck 57<br \/>\n44225 Dortmund<\/p>\n<h4 id=\"h\">Online-Streitbeilegungsplattform<\/h4>\n<p>Nach der europ\u00e4ischen ODR-Verordnung (Verordnung \u00fcber die au\u00dfergerichtliche Online-Beilegung verbraucherrechtlicher Streitigkeiten) sind Unternehmer, die an Verbraucher verkaufen, ab dem 09.01.2016 verpflichtet, einen Link zur entsprechenden Plattform auf Ihrer Seite zu platzieren.<\/p>\n<p>Im folgenden finden Sie nun eine Verlinkung zur Online Streitbeilegungsplattform (OS-Plattform). Wir weisen darauf hin, dass die entsprechend verlinkte Website nicht von Lahno Webhosting betrieben wird. Der dortige Dienst wird ab dem 15.02.2016 betriebsbereit sein.<\/p>\n<p><a href=\"http:\/\/ec.europa.eu\/consumers\/odr\/\" target=\"_blank\" rel=\"nofollow noopener\">http:\/\/ec.europa.eu\/consumers\/odr\/<\/a><\/p>\n<h4>Haftung f\u00fcr Inhalte<\/h4>\n<p>Als Diensteanbieter sind wir gem\u00e4\u00df \u00a7 7 Abs.1 TMG f\u00fcr eigene Inhalte auf diesen Seiten nach den allgemeinen Gesetzen verantwortlich. Nach \u00a7\u00a7 8 bis 10 TMG sind wir als Diensteanbieter jedoch nicht verpflichtet, \u00fcbermittelte oder gespeicherte fremde Informationen zu \u00fcberwachen oder nach Umst\u00e4nden zu forschen, die auf eine rechtswidrige T\u00e4tigkeit hinweisen.<\/p>\n<p>Verpflichtungen zur Entfernung oder Sperrung der Nutzung von Informationen nach den allgemeinen Gesetzen bleiben hiervon unber\u00fchrt. Eine diesbez\u00fcgliche Haftung ist jedoch erst ab dem Zeitpunkt der Kenntnis einer konkreten Rechtsverletzung m\u00f6glich. Bei Bekanntwerden von entsprechenden Rechtsverletzungen werden wir diese Inhalte umgehend entfernen.<\/p>\n<h4>Haftung f\u00fcr Links<\/h4>\n<p>Unser Angebot enth\u00e4lt Links zu externen Websites Dritter, auf deren Inhalte wir keinen Einfluss haben. Deshalb k\u00f6nnen wir f\u00fcr diese fremden Inhalte auch keine Gew\u00e4hr \u00fcbernehmen. F\u00fcr die Inhalte der verlinkten Seiten ist stets der jeweilige Anbieter oder Betreiber der Seiten verantwortlich. Die verlinkten Seiten wurden zum Zeitpunkt der Verlinkung auf m\u00f6gliche Rechtsverst\u00f6\u00dfe \u00fcberpr\u00fcft. Rechtswidrige Inhalte waren zum Zeitpunkt der Verlinkung nicht erkennbar.<\/p>\n<p>Eine permanente inhaltliche Kontrolle der verlinkten Seiten ist jedoch ohne konkrete Anhaltspunkte einer Rechtsverletzung nicht zumutbar. Bei Bekanntwerden von Rechtsverletzungen werden wir derartige Links umgehend entfernen.<\/p>\n<h4>Urheberrecht<\/h4>\n<p>Die durch die Seitenbetreiber erstellten Inhalte und Werke auf diesen Seiten unterliegen dem deutschen Urheberrecht. Die Vervielf\u00e4ltigung, Bearbeitung, Verbreitung und jede Art der Verwertung au\u00dferhalb der Grenzen des Urheberrechtes bed\u00fcrfen der schriftlichen Zustimmung des jeweiligen Autors bzw. Erstellers. Downloads und Kopien dieser Seite sind nur f\u00fcr den privaten, nicht kommerziellen Gebrauch gestattet.<\/p>\n<p>Soweit die Inhalte auf dieser Seite nicht vom Betreiber erstellt wurden, werden die Urheberrechte Dritter beachtet. Insbesondere werden Inhalte Dritter als solche gekennzeichnet. Sollten Sie trotzdem auf eine Urheberrechtsverletzung aufmerksam werden, bitten wir um einen entsprechenden Hinweis. Bei Bekanntwerden von Rechtsverletzungen werden wir derartige Inhalte umgehend entfernen.<\/p>\n<\/div>\n","protected":false},"excerpt":{"rendered":"<p>Anschrift Kirsten Zawisla Am Beilst\u00fcck 57 44225 Dortmund Inhaberin Kirsten Zawisla Kommunikation Telefon: 0231\/79000031 E-Mail: info@herzenstaenze.de 1Die Kosten f\u00fcr dieses Gespr\u00e4ch entnehmen Sie bitte Ihrem Netzbetreiber. Es fallen die \u00fcblichen Geb\u00fchren f\u00fcr Inlandsgespr\u00e4che an. Verantwortlich f\u00fcr den Inhalt nach \u00a7 55 Abs. 2 RStV: Kirsten Zawisla Am Beilst\u00fcck 57 44225 Dortmund Online-Streitbeilegungsplattform Nach der europ\u00e4ischen &hellip; <a href=\"https:\/\/herzenstaenze.de\/?page_id=41\" class=\"more-link\"><span class=\"screen-reader-text\">Impressum<\/span> weiterlesen <span class=\"meta-nav\">&rarr;<\/span><\/a><\/p>\n","protected":false},"author":2,"featured_media":0,"parent":0,"menu_order":0,"comment_status":"closed","ping_status":"closed","template":"","meta":{"footnotes":""},"class_list":["post-41","page","type-page","status-publish","hentry"],"_links":{"self":[{"href":"https:\/\/herzenstaenze.de\/index.php?rest_route=\/wp\/v2\/pages\/41","targetHints":{"allow":["GET"]}}],"collection":[{"href":"https:\/\/herzenstaenze.de\/index.php?rest_route=\/wp\/v2\/pages"}],"about":[{"href":"https:\/\/herzenstaenze.de\/index.php?rest_route=\/wp\/v2\/types\/page"}],"author":[{"embeddable":true,"href":"https:\/\/herzenstaenze.de\/index.php?rest_route=\/wp\/v2\/users\/2"}],"replies":[{"embeddable":true,"href":"https:\/\/herzenstaenze.de\/index.php?rest_route=%2Fwp%2Fv2%2Fcomments&post=41"}],"version-history":[{"count":7,"href":"https:\/\/herzenstaenze.de\/index.php?rest_route=\/wp\/v2\/pages\/41\/revisions"}],"predecessor-version":[{"id":339,"href":"https:\/\/herzenstaenze.de\/index.php?rest_route=\/wp\/v2\/pages\/41\/revisions\/339"}],"wp:attachment":[{"href":"https:\/\/herzenstaenze.de\/index.php?rest_route=%2Fwp%2Fv2%2Fmedia&parent=41"}],"curies":[{"name":"wp","href":"https:\/\/api.w.org\/{rel}","templated":true}]}}