{"id":44,"date":"2018-10-23T14:58:41","date_gmt":"2018-10-23T12:58:41","guid":{"rendered":"https:\/\/herzenstaenze.de\/?page_id=44"},"modified":"2019-01-27T14:55:19","modified_gmt":"2019-01-27T13:55:19","slug":"kontakt","status":"publish","type":"page","link":"https:\/\/herzenstaenze.de\/?page_id=44","title":{"rendered":"Kontakt"},"content":{"rendered":"<h2>Anschrift<\/h2>\n<p>Kirsten Zawisla<br \/>\nAm Beilst\u00fcck 57<br \/>\n44225 Dortmund<\/p>\n<h4>Kommunikation<\/h4>\n<p>Telefon: 0231-7900003 (Die <span class=\"Stil1\">Kosten f\u00fcr dieses Gespr\u00e4ch entnehmen Sie bitte Ihrem Netzbetreiber. Es fallen die \u00fcblichen Geb\u00fchren f\u00fcr Inlandsgespr\u00e4che an.)<\/span><\/p>\n<p>E-Mail: <a href=\"mailto:info@herzenstaenze.de\">info@herzenstaenze.de<\/a><\/p>\n","protected":false},"excerpt":{"rendered":"<p>Anschrift Kirsten Zawisla Am Beilst\u00fcck 57 44225 Dortmund Kommunikation Telefon: 0231-7900003 (Die Kosten f\u00fcr dieses Gespr\u00e4ch entnehmen Sie bitte Ihrem Netzbetreiber. Es fallen die \u00fcblichen Geb\u00fchren f\u00fcr Inlandsgespr\u00e4che an.) E-Mail: info@herzenstaenze.de<\/p>\n","protected":false},"author":2,"featured_media":0,"parent":0,"menu_order":0,"comment_status":"closed","ping_status":"closed","template":"","meta":{"footnotes":""},"class_list":["post-44","page","type-page","status-publish","hentry"],"_links":{"self":[{"href":"https:\/\/herzenstaenze.de\/index.php?rest_route=\/wp\/v2\/pages\/44","targetHints":{"allow":["GET"]}}],"collection":[{"href":"https:\/\/herzenstaenze.de\/index.php?rest_route=\/wp\/v2\/pages"}],"about":[{"href":"https:\/\/herzenstaenze.de\/index.php?rest_route=\/wp\/v2\/types\/page"}],"author":[{"embeddable":true,"href":"https:\/\/herzenstaenze.de\/index.php?rest_route=\/wp\/v2\/users\/2"}],"replies":[{"embeddable":true,"href":"https:\/\/herzenstaenze.de\/index.php?rest_route=%2Fwp%2Fv2%2Fcomments&post=44"}],"version-history":[{"count":5,"href":"https:\/\/herzenstaenze.de\/index.php?rest_route=\/wp\/v2\/pages\/44\/revisions"}],"predecessor-version":[{"id":327,"href":"https:\/\/herzenstaenze.de\/index.php?rest_route=\/wp\/v2\/pages\/44\/revisions\/327"}],"wp:attachment":[{"href":"https:\/\/herzenstaenze.de\/index.php?rest_route=%2Fwp%2Fv2%2Fmedia&parent=44"}],"curies":[{"name":"wp","href":"https:\/\/api.w.org\/{rel}","templated":true}]}}