{"id":47,"date":"2018-10-23T15:02:49","date_gmt":"2018-10-23T13:02:49","guid":{"rendered":"https:\/\/herzenstaenze.de\/?page_id=47"},"modified":"2019-01-27T18:04:29","modified_gmt":"2019-01-27T17:04:29","slug":"infos","status":"publish","type":"page","link":"https:\/\/herzenstaenze.de\/?page_id=47","title":{"rendered":""},"content":{"rendered":"<h2>Links:<\/h2>\n<p><a href=\"http:\/\/www.neuekreiseziehen.de\" target=\"_blank\" rel=\"noopener\">www.neuekreiseziehen.de<\/a><\/p>\n<p><u>www.welttanzfestival.com<\/u><\/p>\n<p><a href=\"http:\/\/www.judyking.co.uk\" target=\"_blank\" rel=\"noopener\">www.judyking.co.uk<\/a><\/p>\n<p><a href=\"http:\/\/www.chora.ch\" target=\"_blank\" rel=\"noopener\">www.chora.ch<\/a><\/p>\n<p><a href=\"http:\/\/www.ziriah.de\" target=\"_blank\" rel=\"noopener\">www.ziriah.de<\/a><\/p>\n<p><a href=\"http:\/\/www.laurashannon.net\" target=\"_blank\" rel=\"noopener\">www.laurashannon.net<\/a><\/p>\n<p>&nbsp;<\/p>\n<h2>Literaturliste:<\/h2>\n<p>1. Der Weg des T\u00e4nzers, Bernhard Wosien, 1988 Veritas-Verlag, 1. Auflage<\/p>\n<p>2. Bach-Bl\u00fcten-T\u00e4nze, Anastasia Geng, Natura Med. 4. Auflage<\/p>\n<p>3. Kessel Ofen Feuer, Janascheck, Mac Aulay, Reinheimer; Arun-Verlag 2. Auflage 2012<\/p>\n<p>4. Der Jahreskreis, Martina Kaiser, Aurum Verlag, 2. Auflage 2007<\/p>\n<p>5. Verbundensein, Diana Monson, Irdana-Verlag, 2015<\/p>\n<p>6. Die Reise durch den Jahreskreis, Brigitta de las Heras, Schirner Verlag, 2. Auflage 2006<\/p>\n<p>7. Das Geheimnis der Rauhn\u00e4chte, Jeanne Ruland, Schirner Verlag, 13. Auflage Dezember 2013<\/p>\n<p>8. Ritual und Tanz im Jahreskreis, Ziriah Voigt, Irdana Verlag 2012<\/p>\n<p>9. Spirale, Kreis und Lebenstanz, Helge Folkerts, Arun-Verlag 2007<\/p>\n<p>10. Dancing on the Earth, Herausgegeben von Leseho und McMaster, Findhorn Press 2011<\/p>\n<p>11. Tanzbilder des Weges, Maria-Gabriele Wosien, Veritas-Verlag 1. Auflage 1997<\/p>\n<p>12. Der Erde eine Stimme geben, Amei Helm, Labyrinth Verlag 2. Auflage 2012<\/p>\n<p>13. Zeit f\u00fcr Ritual , Lore Galitz, Irisiana Verlag, 2013<\/p>\n<p>14. Kreistanz, June Watts, 1.Auflage 2010<\/p>\n<p>15. Von Sonnenbraut, Mutterwurz und Weiberkraut, Buchberger und Rapp, Christel G\u00f6ttert Verlag, 1. Auflage 2013<\/p>\n","protected":false},"excerpt":{"rendered":"<p>Links: www.neuekreiseziehen.de www.welttanzfestival.com www.judyking.co.uk www.chora.ch www.ziriah.de www.laurashannon.net &nbsp; Literaturliste: 1. Der Weg des T\u00e4nzers, Bernhard Wosien, 1988 Veritas-Verlag, 1. Auflage 2. Bach-Bl\u00fcten-T\u00e4nze, Anastasia Geng, Natura Med. 4. Auflage 3. Kessel Ofen Feuer, Janascheck, Mac Aulay, Reinheimer; Arun-Verlag 2. Auflage 2012 4. Der Jahreskreis, Martina Kaiser, Aurum Verlag, 2. Auflage 2007 5. Verbundensein, Diana Monson, Irdana-Verlag, &hellip; <a href=\"https:\/\/herzenstaenze.de\/?page_id=47\" class=\"more-link\"><span class=\"screen-reader-text\"><\/span> weiterlesen <span class=\"meta-nav\">&rarr;<\/span><\/a><\/p>\n","protected":false},"author":2,"featured_media":0,"parent":0,"menu_order":0,"comment_status":"closed","ping_status":"closed","template":"","meta":{"footnotes":""},"class_list":["post-47","page","type-page","status-publish","hentry"],"_links":{"self":[{"href":"https:\/\/herzenstaenze.de\/index.php?rest_route=\/wp\/v2\/pages\/47","targetHints":{"allow":["GET"]}}],"collection":[{"href":"https:\/\/herzenstaenze.de\/index.php?rest_route=\/wp\/v2\/pages"}],"about":[{"href":"https:\/\/herzenstaenze.de\/index.php?rest_route=\/wp\/v2\/types\/page"}],"author":[{"embeddable":true,"href":"https:\/\/herzenstaenze.de\/index.php?rest_route=\/wp\/v2\/users\/2"}],"replies":[{"embeddable":true,"href":"https:\/\/herzenstaenze.de\/index.php?rest_route=%2Fwp%2Fv2%2Fcomments&post=47"}],"version-history":[{"count":12,"href":"https:\/\/herzenstaenze.de\/index.php?rest_route=\/wp\/v2\/pages\/47\/revisions"}],"predecessor-version":[{"id":338,"href":"https:\/\/herzenstaenze.de\/index.php?rest_route=\/wp\/v2\/pages\/47\/revisions\/338"}],"wp:attachment":[{"href":"https:\/\/herzenstaenze.de\/index.php?rest_route=%2Fwp%2Fv2%2Fmedia&parent=47"}],"curies":[{"name":"wp","href":"https:\/\/api.w.org\/{rel}","templated":true}]}}