{"id":57,"date":"2018-10-23T15:46:38","date_gmt":"2018-10-23T13:46:38","guid":{"rendered":"https:\/\/herzenstaenze.de\/?page_id=57"},"modified":"2026-02-10T15:55:26","modified_gmt":"2026-02-10T14:55:26","slug":"termine","status":"publish","type":"page","link":"https:\/\/herzenstaenze.de\/?page_id=57","title":{"rendered":"Termine"},"content":{"rendered":"<h3><b>Tanz ins Wochenende im TuRa R\u00fcdinghausen in Witten\u00a0<\/b><\/h3>\n<p>Wir tanzen <strong>freitags &#8211; 11:30 Uhr bis 12:30 Uhr &#8211; <\/strong>zu Musik aus der ganzen Welt verschiedenste T\u00e4nze im Kreis mit besonderem Bezug zum Jahreskreis und der uns umgebenden Natur und lassen dabei unseren oft hektischen Alltag hinter uns.<\/p>\n<p>27.02.2026<\/p>\n<p>13.03.2026<\/p>\n<p>17.04.2026<\/p>\n<p>Bitte Anmelden bis zum Dienstag Abend vorher!!<\/p>\n<p>\u00dcBUNGSTERMINE im TuRa, kein festes Programm, verschiedene T\u00e4nze werden ge\u00fcbt:<\/p>\n<p>13.02.2026<\/p>\n<p>20.03.2026<\/p>\n<p>10.04.2026<\/p>\n<p>F\u00fcr die \u00dcbungstermine ist keine Anmeldung n\u00f6tig. Aber vorher nachfragen, ob ich tats\u00e4chlich \u00fcbe.<\/p>\n<h3><strong>Termine im Kneipp-Verein Dortmund\u00a0<\/strong><\/h3>\n<div>\n<table width=\"525\">\n<tbody>\n<tr>\n<td style=\"width: 9em;\"><span style=\"font-size: 19px;\">12.02.2026<\/span><\/p>\n<p><span style=\"font-size: 19px;\">12.03.2026<\/span><\/p>\n<p><span style=\"font-size: 19px;\">09.04.2026<\/span><\/p>\n<p><span style=\"font-size: 19px;\">23.04.2026<\/span><\/p>\n<p><span style=\"font-size: 19px;\">07.05.2026<\/span><\/td>\n<td><span style=\"font-size: 19px;\">Tanz zum Donnerstagabend, bitte Anmeldung bis zum Dienstag Abend vorher!<\/span><\/td>\n<td><span style=\"font-size: 18px;\">19:00 &#8211; 20:30<\/span><\/td>\n<\/tr>\n<tr>\n<td><span style=\"font-size: 19px;\">22.03.2026<\/span><\/td>\n<td><span style=\"font-size: 19px;\">Tanz zum Fr\u00fchlingsanfang, anschl. gemeinsames zweites Fr\u00fchst\u00fcck!\u00a0 Bitte Anmeldung bis zum Dienstag Abend vorher!<\/span><\/td>\n<td><span style=\"font-size: 18px;\">11:00 &#8211; 13:00<\/span><\/td>\n<\/tr>\n<tr>\n<td><span style=\"font-size: 19px;\">29.05.2026<\/span><\/td>\n<td><span style=\"font-size: 19px;\">Sommertanzabend! Bitte Anmeldung bis zum Dienstag Abend vorher!<\/span><\/td>\n<td><span style=\"font-size: 18px;\">19:00 &#8211; 21:00\u00a0<\/span><\/td>\n<\/tr>\n<\/tbody>\n<\/table>\n<h3><strong>Vorschau<br \/>\n<\/strong><\/h3>\n<table width=\"525\">\n<tbody>\n<tr>\n<td style=\"width: 9em;\"><\/td>\n<td><\/td>\n<\/tr>\n<tr>\n<td><span style=\"font-size: 19px;\">16.06.26 &#8211;<br \/>\n23.06.26<\/span><\/td>\n<td><span style=\"font-size: 19px;\">Tanz zur Sommersonnenwende unter dem Sternenzelt im Cloppenburger Land<\/span><\/td>\n<\/tr>\n<\/tbody>\n<\/table>\n<\/div>\n","protected":false},"excerpt":{"rendered":"<p>Tanz ins Wochenende im TuRa R\u00fcdinghausen in Witten\u00a0 Wir tanzen freitags &#8211; 11:30 Uhr bis 12:30 Uhr &#8211; zu Musik aus der ganzen Welt verschiedenste T\u00e4nze im Kreis mit besonderem Bezug zum Jahreskreis und der uns umgebenden Natur und lassen dabei unseren oft hektischen Alltag hinter uns. 27.02.2026 13.03.2026 17.04.2026 Bitte Anmelden bis zum Dienstag &hellip; <a href=\"https:\/\/herzenstaenze.de\/?page_id=57\" class=\"more-link\"><span class=\"screen-reader-text\">Termine<\/span> weiterlesen <span class=\"meta-nav\">&rarr;<\/span><\/a><\/p>\n","protected":false},"author":2,"featured_media":0,"parent":0,"menu_order":0,"comment_status":"closed","ping_status":"closed","template":"","meta":{"footnotes":""},"class_list":["post-57","page","type-page","status-publish","hentry"],"_links":{"self":[{"href":"https:\/\/herzenstaenze.de\/index.php?rest_route=\/wp\/v2\/pages\/57","targetHints":{"allow":["GET"]}}],"collection":[{"href":"https:\/\/herzenstaenze.de\/index.php?rest_route=\/wp\/v2\/pages"}],"about":[{"href":"https:\/\/herzenstaenze.de\/index.php?rest_route=\/wp\/v2\/types\/page"}],"author":[{"embeddable":true,"href":"https:\/\/herzenstaenze.de\/index.php?rest_route=\/wp\/v2\/users\/2"}],"replies":[{"embeddable":true,"href":"https:\/\/herzenstaenze.de\/index.php?rest_route=%2Fwp%2Fv2%2Fcomments&post=57"}],"version-history":[{"count":34,"href":"https:\/\/herzenstaenze.de\/index.php?rest_route=\/wp\/v2\/pages\/57\/revisions"}],"predecessor-version":[{"id":421,"href":"https:\/\/herzenstaenze.de\/index.php?rest_route=\/wp\/v2\/pages\/57\/revisions\/421"}],"wp:attachment":[{"href":"https:\/\/herzenstaenze.de\/index.php?rest_route=%2Fwp%2Fv2%2Fmedia&parent=57"}],"curies":[{"name":"wp","href":"https:\/\/api.w.org\/{rel}","templated":true}]}}